{"id":14702,"date":"2026-04-15T15:05:27","date_gmt":"2026-04-15T15:05:27","guid":{"rendered":"https:\/\/www.aladi.org\/?page_id=14702"},"modified":"2026-04-15T18:57:29","modified_gmt":"2026-04-15T18:57:29","slug":"arm-oea-colombia","status":"publish","type":"page","link":"https:\/\/www.aladi.org\/pt\/facilitacao-de-comercio\/operador-economico-autorizado\/repositorio-arm-oea\/arm-oea-colombia\/","title":{"rendered":"ARM - OEA - Col\u00f4mbia"},"content":{"rendered":"<div>\n<p>Repositorio de los Acuerdos de Reconocimiento Mutuo del Operador Econ\u00f3mico Autorizado (ARM-OEA)<\/p>\n<\/div>\n<h1><strong>Colombia<\/strong><\/h1>\n<div>\n<p>Se han firmado los siguientes Acuerdos de Reconocimiento Mutuo:<\/p>\n<\/div>\n<ul>\n<li>\n<div><a href=\"https:\/\/www2.aladi.org\/sitioAladi\/documentos\/facilitacionComercio\/ARM-OEA\/ARM-Colombia-Alianza%20del%20Pac%C3%ADfico.pdf\" target=\"_blank\" rel=\"noopener\">ARM Alianza Pac\u00edfico (Chile, Colombia, M\u00e9xico, Per\u00fa) &#8211; 21 de julio de 2018<\/a><\/div>\n<\/li>\n<li>\n<div><a href=\"https:\/\/www2.aladi.org\/sitioAladi\/documentos\/facilitacionComercio\/ARM-OEA\/ARM-OEA%20Colombia-Comunidad%20Andina.pdf\" target=\"_blank\" rel=\"noopener\">ARM Comunidad Andina (Bolivia, Colombia, Ecuador, Per\u00fa) &#8211; 19 de mayo de 2019<\/a><\/div>\n<\/li>\n<li>\n<div><a href=\"https:\/\/www2.aladi.org\/sitioAladi\/documentos\/facilitacionComercio\/ARM-OEA\/ARM-Colombia-Costa%20Rica.pdf\" target=\"_blank\" rel=\"noopener\">ARM Costa Rica \u2013 Colombia &#8211; 19 de diciembre de 2019<\/a><\/div>\n<\/li>\n<li>\n<div><a href=\"https:\/\/www2.aladi.org\/sitioAladi\/documentos\/facilitacionComercio\/ARM-OEA\/ARM-OEA%20Colombia-Brasil.pdf\" target=\"_blank\" rel=\"noopener\">ARM Brasil \u2013 Colombia &#8211; 6 de julio de 2021<\/a><\/div>\n<\/li>\n<li>\n<div><a href=\"https:\/\/www2.aladi.org\/sitioAladi\/documentos\/facilitacionComercio\/ARM-OEA\/ARM-OEA%20Colombia-Uruguay.pdf\" target=\"_blank\" rel=\"noopener\">ARM Uruguay \u2013 Colombia &#8211; 17 de noviembre de 2021<\/a><\/div>\n<\/li>\n<li>\n<div><a href=\"https:\/\/www2.aladi.org\/sitioAladi\/documentos\/facilitacionComercio\/ARM-OEA\/ARM-OEA%20Colombia-Guatemala.pdf\" target=\"_blank\" rel=\"noopener\">ARM Guatemala \u2013 Colombia &#8211; 6 de mayo de 2022<\/a><\/div>\n<\/li>\n<li>\n<div><a href=\"https:\/\/www2.aladi.org\/sitioAladi\/documentos\/facilitacionComercio\/ARM-OEA\/ARM Regional.pdf\" target=\"_blank\" rel=\"noopener\" data-wplink-url-error=\"true\">ARM de las Am\u00e9ricas (Regional) \u2013 Argentina, Bolivia, Brasil, Chile, Colombia, Costa Rica, Guatemala, Per\u00fa, Paraguay, Republica Dominicana y Uruguay &#8211; 18 de mayo de 2022<\/a><\/div>\n<\/li>\n<\/ul>\n<p>\n    <a href=\"https:\/\/www.dian.gov.co\/aduanas\/oea\/inicio\/Paginas\/reconocimientomutuo.aspx\">M\u00e1s informaci\u00f3n<\/a>\n<\/p>\n<p><!--more--><br \/>\n<!-- {\"type\":\"layout\",\"children\":[{\"type\":\"section\",\"props\":{\"image_loading\":true,\"image_position\":\"top-center\",\"media_visibility\":\"m\",\"padding\":\"small\",\"padding_remove_bottom\":false,\"padding_remove_horizontal\":false,\"padding_remove_top\":false,\"style\":\"default\",\"title_breakpoint\":\"xl\",\"title_position\":\"top-left\",\"title_rotation\":\"left\",\"vertical_align\":\"\",\"width\":\"xlarge\"},\"children\":[{\"type\":\"row\",\"props\":{\"width\":\"xlarge\"},\"children\":[{\"type\":\"column\",\"props\":{\"image_position\":\"center-center\",\"position_sticky_breakpoint\":\"m\"},\"children\":[{\"type\":\"breadcrumbs\",\"props\":{\"margin\":\"remove-vertical\",\"margin_remove_top\":true,\"show_current\":true,\"show_home\":true}}]}]},{\"type\":\"row\",\"props\":{\"margin_remove_bottom\":false,\"width\":\"xlarge\"},\"children\":[{\"type\":\"column\",\"props\":{\"image_position\":\"center-center\",\"image_size\":\"cover\",\"padding\":\"none\",\"position_sticky_breakpoint\":\"m\",\"vertical_align\":\"middle\"},\"children\":[{\"type\":\"headline\",\"props\":{\"content\":\"\n\n<p>Repositorio de los Acuerdos de Reconocimiento Mutuo del Operador Econ\\u00f3mico Autorizado (ARM-OEA)<\\\/p>\",\"content_pt_br\":\"\n\n<p>Reposit\\u00f3rio dos Acordos de Reconhecimento M\\u00fatuo do Operador Econ\\u00f4mico Autorizado (ARM-OEA)<\\\/p>\",\"link_style\":false,\"title_color\":\"primary\",\"title_element\":\"div\",\"title_style\":\"h6\"}},{\"type\":\"headline\",\"props\":{\"content\":\"<strong>Colombia<\\\/strong>\",\"content_pt_br\":\"\n\n<p><strong>Col\\u00f4mbia<\\\/strong><\\\/p>\",\"margin\":\"medium\",\"margin_remove_bottom\":false,\"margin_remove_top\":false,\"maxwidth\":\"xlarge\",\"text_align\":\"left\",\"text_align_fallback\":\"center\",\"title_color\":\"secondary\",\"title_element\":\"h1\",\"title_style\":\"h1\"}},{\"type\":\"text\",\"props\":{\"column_breakpoint\":\"m\",\"content\":\"\n\n<p>Se han firmado los siguientes Acuerdos de Reconocimiento Mutuo:<\\\/p>\",\"content_pt_br\":\"\n\n<p>Foram assinados os seguintes Acordos de Reconhecimento M\\u00fatuo:<\\\/p>\",\"margin\":\"default\"}},{\"type\":\"list\",\"props\":{\"column_breakpoint\":\"m\",\"image_align\":\"left\",\"image_svg_color\":\"emphasis\",\"image_vertical_align\":true,\"list_element\":\"ul\",\"list_horizontal_separator\":\", \",\"list_marker\":\"disc\",\"list_type\":\"vertical\",\"show_image\":true,\"show_link\":true},\"children\":[{\"type\":\"list_item\",\"props\":{\"content\":\"<a href=\\\"https:\\\/\\\/www2.aladi.org\\\/sitioAladi\\\/documentos\\\/facilitacionComercio\\\/ARM-OEA\\\/ARM-Colombia-Alianza%20del%20Pac%C3%ADfico.pdf\\\" target=\\\"_blank\\\" rel=\\\"noopener\\\">ARM Alianza Pac\\u00edfico (Chile, Colombia, M\\u00e9xico, Per\\u00fa) - 21 de julio de 2018<\\\/a>\",\"content_pt_br\":\"<a href=\\\"https:\\\/\\\/www2.aladi.org\\\/sitioAladi\\\/documentos\\\/facilitacionComercio\\\/ARM-OEA\\\/ARM-Colombia-Alianza%20del%20Pac%C3%ADfico.pdf\\\" target=\\\"_blank\\\" rel=\\\"noopener\\\">ARM Alian\\u00e7a do Pac\\u00edfico (Chile, Col\\u00f4mbia, M\\u00e9xico, Peru) - 21 de julho de 2018<\\\/a>\"}},{\"type\":\"list_item\",\"props\":{\"content\":\"<a href=\\\"https:\\\/\\\/www2.aladi.org\\\/sitioAladi\\\/documentos\\\/facilitacionComercio\\\/ARM-OEA\\\/ARM-OEA%20Colombia-Comunidad%20Andina.pdf\\\" target=\\\"_blank\\\" rel=\\\"noopener\\\">ARM Comunidad Andina (Bolivia, Colombia, Ecuador, Per\\u00fa) - 19 de mayo de 2019<\\\/a>\",\"content_pt_br\":\"<a href=\\\"https:\\\/\\\/www2.aladi.org\\\/sitioAladi\\\/documentos\\\/facilitacionComercio\\\/ARM-OEA\\\/ARM-OEA%20Colombia-Comunidad%20Andina.pdf\\\" target=\\\"_blank\\\" rel=\\\"noopener\\\">ARM Comunidade Andina (Bol\\u00edvia, Col\\u00f4mbia, Equador, Peru) - 19 de maio de 2019<\\\/a>\"}},{\"type\":\"list_item\",\"props\":{\"content\":\"<a href=\\\"https:\\\/\\\/www2.aladi.org\\\/sitioAladi\\\/documentos\\\/facilitacionComercio\\\/ARM-OEA\\\/ARM-Colombia-Costa%20Rica.pdf\\\" target=\\\"_blank\\\" rel=\\\"noopener\\\">ARM Costa Rica \\u2013 Colombia - 19 de diciembre de 2019<\\\/a>\",\"content_pt_br\":\"<a href=\\\"https:\\\/\\\/www2.aladi.org\\\/sitioAladi\\\/documentos\\\/facilitacionComercio\\\/ARM-OEA\\\/ARM-Colombia-Costa%20Rica.pdf\\\" target=\\\"_blank\\\" rel=\\\"noopener\\\">ARM Costa Rica \\u2013 Col\\u00f4mbia - 19 de dezembro de 2019<\\\/a>\"}},{\"type\":\"list_item\",\"props\":{\"content\":\"<a href=\\\"https:\\\/\\\/www2.aladi.org\\\/sitioAladi\\\/documentos\\\/facilitacionComercio\\\/ARM-OEA\\\/ARM-OEA%20Colombia-Brasil.pdf\\\" target=\\\"_blank\\\" rel=\\\"noopener\\\">ARM Brasil \\u2013 Colombia - 6 de julio de 2021<\\\/a>\",\"content_pt_br\":\"<a href=\\\"https:\\\/\\\/www2.aladi.org\\\/sitioAladi\\\/documentos\\\/facilitacionComercio\\\/ARM-OEA\\\/ARM-OEA%20Colombia-Brasil.pdf\\\" target=\\\"_blank\\\" rel=\\\"noopener\\\">ARM Brasil \\u2013 Col\\u00f4mbia - 6 de julho de 2021<\\\/a>\"}},{\"type\":\"list_item\",\"props\":{\"content\":\"<a href=\\\"https:\\\/\\\/www2.aladi.org\\\/sitioAladi\\\/documentos\\\/facilitacionComercio\\\/ARM-OEA\\\/ARM-OEA%20Colombia-Uruguay.pdf\\\" target=\\\"_blank\\\" rel=\\\"noopener\\\">ARM Uruguay \\u2013 Colombia - 17 de noviembre de 2021<\\\/a>\",\"content_pt_br\":\"<a href=\\\"https:\\\/\\\/www2.aladi.org\\\/sitioAladi\\\/documentos\\\/facilitacionComercio\\\/ARM-OEA\\\/ARM-OEA%20Colombia-Uruguay.pdf\\\" target=\\\"_blank\\\" rel=\\\"noopener\\\">ARM Uruguai \\u2013 Col\\u00f4mbia - 17 de novembro de 2021<\\\/a>\"}},{\"type\":\"list_item\",\"props\":{\"content\":\"<a href=\\\"https:\\\/\\\/www2.aladi.org\\\/sitioAladi\\\/documentos\\\/facilitacionComercio\\\/ARM-OEA\\\/ARM-OEA%20Colombia-Guatemala.pdf\\\" target=\\\"_blank\\\" rel=\\\"noopener\\\">ARM Guatemala \\u2013 Colombia - 6 de mayo de 2022<\\\/a>\",\"content_pt_br\":\"<a href=\\\"https:\\\/\\\/www2.aladi.org\\\/sitioAladi\\\/documentos\\\/facilitacionComercio\\\/ARM-OEA\\\/ARM-OEA%20Colombia-Guatemala.pdf\\\" target=\\\"_blank\\\" rel=\\\"noopener\\\">ARM Guatemala \\u2013 Col\\u00f4mbia - 6 de maio de 2022<\\\/a>\"}},{\"type\":\"list_item\",\"props\":{\"content\":\"<a href=\\\"https:\\\/\\\/www2.aladi.org\\\/sitioAladi\\\/documentos\\\/facilitacionComercio\\\/ARM-OEA\\\/ARM Regional.pdf\\\" target=\\\"_blank\\\" rel=\\\"noopener\\\" data-wplink-url-error=\\\"true\\\">ARM de las Am\\u00e9ricas (Regional) \\u2013 Argentina, Bolivia, Brasil, Chile, Colombia, Costa Rica, Guatemala, Per\\u00fa, Paraguay, Republica Dominicana y Uruguay - 18 de mayo de 2022<\\\/a>\",\"content_pt_br\":\"<a href=\\\"https:\\\/\\\/www2.aladi.org\\\/sitioAladi\\\/documentos\\\/facilitacionComercio\\\/ARM-OEA\\\/ARM Regional.pdf\\\" target=\\\"_blank\\\" rel=\\\"noopener\\\">ARM das Am\\u00e9ricas (Regional) \\u2013 Argentina, Bol\\u00edvia, Brasil, Chile, Col\\u00f4mbia, Costa Rica, Guatemala, Peru, Paraguai, Republica Dominicana e Uruguai - 18 de maio de 2022<\\\/a>\"}}]},{\"type\":\"button\",\"props\":{\"grid_column_gap\":\"small\",\"grid_row_gap\":\"small\",\"margin\":\"default\"},\"children\":[{\"type\":\"button_item\",\"props\":{\"button_style\":\"default\",\"content\":\"M\\u00e1s informaci\\u00f3n\",\"content_pt_br\":\"Mais informa\\u00e7\\u00f5es\",\"icon_align\":\"left\",\"link\":\"https:\\\/\\\/www.dian.gov.co\\\/aduanas\\\/oea\\\/inicio\\\/Paginas\\\/reconocimientomutuo.aspx\",\"link_pt_br\":\"https:\\\/\\\/www.dian.gov.co\\\/aduanas\\\/oea\\\/inicio\\\/Paginas\\\/reconocimientomutuo.aspx\",\"link_target\":\"blank\"}}]}]}]}],\"name\":\"T\\u00edtulos\"}],\"version\":\"4.4.12\"} --><\/p>\n","protected":false},"excerpt":{"rendered":"<p>Repositorio de los Acuerdos de Reconocimiento Mutuo del Operador Econ\u00f3mico Autorizado (ARM-OEA) Colombia Se han firmado los siguientes Acuerdos de Reconocimiento Mutuo: ARM Alianza Pac\u00edfico (Chile, Colombia, M\u00e9xico, Per\u00fa) &#8211; 21 de julio de 2018 ARM Comunidad Andina (Bolivia, Colombia, Ecuador, Per\u00fa) &#8211; 19 de mayo de 2019 ARM Costa Rica \u2013 Colombia &#8211; 19 [&hellip;]<\/p>\n","protected":false},"author":2,"featured_media":0,"parent":14686,"menu_order":0,"comment_status":"closed","ping_status":"closed","template":"","meta":{"_acf_changed":false,"footnotes":""},"class_list":["post-14702","page","type-page","status-publish","hentry"],"acf":[],"yoast_head":"<!-- This site is optimized with the Yoast SEO plugin v26.5 - https:\/\/yoast.com\/wordpress\/plugins\/seo\/ -->\n<title>ARM - OEA - Col\u00f4mbia<\/title>\n<meta name=\"robots\" content=\"index, follow, max-snippet:-1, max-image-preview:large, max-video-preview:-1\" \/>\n<meta property=\"og:locale\" content=\"pt_BR\" \/>\n<meta property=\"og:type\" content=\"article\" \/>\n<meta property=\"og:title\" content=\"ARM - OEA - Col\u00f4mbia\" \/>\n<meta property=\"og:url\" content=\"https:\/\/www.aladi.org\/pt\/facilitacao-de-comercio\/operador-economico-autorizado\/repositorio-arm-oea\/arm-oea-colombia\/\" \/>\n<meta property=\"og:site_name\" content=\"ALADI\" \/>\n<meta property=\"article:publisher\" content=\"https:\/\/es-la.facebook.com\/people\/ALADI\/100064606213084\/\" \/>\n<meta property=\"article:modified_time\" content=\"2026-04-15T18:57:29+00:00\" \/>\n<meta name=\"twitter:card\" content=\"summary_large_image\" \/>\n<meta name=\"twitter:site\" content=\"@ALADI_SG\" \/>\n<meta name=\"twitter:label1\" content=\"Est. reading time\" \/>\n\t<meta name=\"twitter:data1\" content=\"1 minute\" \/>\n<script type=\"application\/ld+json\" class=\"yoast-schema-graph\">{\"@context\":\"https:\/\/schema.org\",\"@graph\":[{\"@type\":\"WebPage\",\"@id\":\"https:\/\/www.aladi.org\/pt\/facilitacao-de-comercio\/operador-economico-autorizado\/repositorio-arm-oea\/arm-oea-colombia\/\",\"url\":\"https:\/\/www.aladi.org\/pt\/facilitacao-de-comercio\/operador-economico-autorizado\/repositorio-arm-oea\/arm-oea-colombia\/\",\"name\":\"ARM - OEA - Colombia - ALADI\",\"isPartOf\":{\"@id\":\"https:\/\/www.aladi.org\/#website\"},\"datePublished\":\"2026-04-15T15:05:27+00:00\",\"dateModified\":\"2026-04-15T18:57:29+00:00\",\"breadcrumb\":{\"@id\":\"https:\/\/www.aladi.org\/pt\/facilitacao-de-comercio\/operador-economico-autorizado\/repositorio-arm-oea\/arm-oea-colombia\/#breadcrumb\"},\"inLanguage\":\"pt-BR\",\"potentialAction\":[{\"@type\":\"ReadAction\",\"target\":[\"https:\/\/www.aladi.org\/pt\/facilitacao-de-comercio\/operador-economico-autorizado\/repositorio-arm-oea\/arm-oea-colombia\/\"]}]},{\"@type\":\"BreadcrumbList\",\"@id\":\"https:\/\/www.aladi.org\/pt\/facilitacao-de-comercio\/operador-economico-autorizado\/repositorio-arm-oea\/arm-oea-colombia\/#breadcrumb\",\"itemListElement\":[{\"@type\":\"ListItem\",\"position\":1,\"name\":\"Home\",\"item\":\"https:\/\/www.aladi.org\/\"},{\"@type\":\"ListItem\",\"position\":2,\"name\":\"Facilita\u00e7\u00e3o de com\u00e9rcio\",\"item\":\"https:\/\/www.aladi.org\/facilitacion-del-comercio\/\"},{\"@type\":\"ListItem\",\"position\":3,\"name\":\"Operador Econ\u00f4mico Autorizado\",\"item\":\"https:\/\/www.aladi.org\/facilitacion-del-comercio\/operador-economico-autorizado\/\"},{\"@type\":\"ListItem\",\"position\":4,\"name\":\"Repositorio de Acuerdos de Reconocimiento Mutuo del Operador Econ\u00f3mico Autorizado (ARM-OEA)\",\"item\":\"https:\/\/www.aladi.org\/facilitacion-del-comercio\/operador-economico-autorizado\/repositorio-arm-oea\/\"},{\"@type\":\"ListItem\",\"position\":5,\"name\":\"ARM - OEA - Col\u00f4mbia\"}]},{\"@type\":\"WebSite\",\"@id\":\"https:\/\/www.aladi.org\/pt\/#website\",\"url\":\"https:\/\/www.aladi.org\/pt\/\",\"name\":\"ALADI\",\"description\":\"Asociaci\u00f3n Latinoamericana de Integraci\u00f3n\",\"publisher\":{\"@id\":\"https:\/\/www.aladi.org\/pt\/#organization\"},\"potentialAction\":[{\"@type\":\"SearchAction\",\"target\":{\"@type\":\"EntryPoint\",\"urlTemplate\":\"https:\/\/www.aladi.org\/pt\/?s={search_term_string}\"},\"query-input\":{\"@type\":\"PropertyValueSpecification\",\"valueRequired\":true,\"valueName\":\"search_term_string\"}}],\"inLanguage\":\"pt-BR\"},{\"@type\":\"Organization\",\"@id\":\"https:\/\/www.aladi.org\/pt\/#organization\",\"name\":\"ALADI\",\"url\":\"https:\/\/www.aladi.org\/pt\/\",\"logo\":{\"@type\":\"ImageObject\",\"inLanguage\":\"pt-BR\",\"@id\":\"https:\/\/www.aladi.org\/pt\/#\/schema\/logo\/image\/\",\"url\":\"https:\/\/www.aladi.org\/wp-content\/uploads\/2025\/12\/Logo-ALADI.png\",\"contentUrl\":\"https:\/\/www.aladi.org\/wp-content\/uploads\/2025\/12\/Logo-ALADI.png\",\"width\":375,\"height\":235,\"caption\":\"ALADI\"},\"image\":{\"@id\":\"https:\/\/www.aladi.org\/pt\/#\/schema\/logo\/image\/\"},\"sameAs\":[\"https:\/\/es-la.facebook.com\/people\/ALADI\/100064606213084\/\",\"https:\/\/x.com\/ALADI_SG\",\"https:\/\/www.instagram.com\/aladi_sg\/?hl=es\",\"https:\/\/www.linkedin.com\/company\/aladi\/\",\"https:\/\/www.flickr.com\/photos\/aladi\/\",\"https:\/\/www.youtube.com\/channel\/UCrkJWOWHKF6igQmWE8Clnpg\"]}]}<\/script>\n<!-- \/ Yoast SEO plugin. -->","yoast_head_json":{"title":"ARM - OEA - Col\u00f4mbia","robots":{"index":"index","follow":"follow","max-snippet":"max-snippet:-1","max-image-preview":"max-image-preview:large","max-video-preview":"max-video-preview:-1"},"og_locale":"pt_BR","og_type":"article","og_title":"ARM - OEA - Col\u00f4mbia","og_url":"https:\/\/www.aladi.org\/pt\/facilitacao-de-comercio\/operador-economico-autorizado\/repositorio-arm-oea\/arm-oea-colombia\/","og_site_name":"ALADI","article_publisher":"https:\/\/es-la.facebook.com\/people\/ALADI\/100064606213084\/","article_modified_time":"2026-04-15T18:57:29+00:00","twitter_card":"summary_large_image","twitter_site":"@ALADI_SG","twitter_misc":{"Est. reading time":"1 minute"},"schema":{"@context":"https:\/\/schema.org","@graph":[{"@type":"WebPage","@id":"https:\/\/www.aladi.org\/pt\/facilitacao-de-comercio\/operador-economico-autorizado\/repositorio-arm-oea\/arm-oea-colombia\/","url":"https:\/\/www.aladi.org\/pt\/facilitacao-de-comercio\/operador-economico-autorizado\/repositorio-arm-oea\/arm-oea-colombia\/","name":"ARM - OEA - Colombia - ALADI","isPartOf":{"@id":"https:\/\/www.aladi.org\/#website"},"datePublished":"2026-04-15T15:05:27+00:00","dateModified":"2026-04-15T18:57:29+00:00","breadcrumb":{"@id":"https:\/\/www.aladi.org\/pt\/facilitacao-de-comercio\/operador-economico-autorizado\/repositorio-arm-oea\/arm-oea-colombia\/#breadcrumb"},"inLanguage":"pt-BR","potentialAction":[{"@type":"ReadAction","target":["https:\/\/www.aladi.org\/pt\/facilitacao-de-comercio\/operador-economico-autorizado\/repositorio-arm-oea\/arm-oea-colombia\/"]}]},{"@type":"BreadcrumbList","@id":"https:\/\/www.aladi.org\/pt\/facilitacao-de-comercio\/operador-economico-autorizado\/repositorio-arm-oea\/arm-oea-colombia\/#breadcrumb","itemListElement":[{"@type":"ListItem","position":1,"name":"Home","item":"https:\/\/www.aladi.org\/"},{"@type":"ListItem","position":2,"name":"Facilita\u00e7\u00e3o de com\u00e9rcio","item":"https:\/\/www.aladi.org\/facilitacion-del-comercio\/"},{"@type":"ListItem","position":3,"name":"Operador Econ\u00f4mico Autorizado","item":"https:\/\/www.aladi.org\/facilitacion-del-comercio\/operador-economico-autorizado\/"},{"@type":"ListItem","position":4,"name":"Repositorio de Acuerdos de Reconocimiento Mutuo del Operador Econ\u00f3mico Autorizado (ARM-OEA)","item":"https:\/\/www.aladi.org\/facilitacion-del-comercio\/operador-economico-autorizado\/repositorio-arm-oea\/"},{"@type":"ListItem","position":5,"name":"ARM - OEA - Col\u00f4mbia"}]},{"@type":"WebSite","@id":"https:\/\/www.aladi.org\/pt\/#website","url":"https:\/\/www.aladi.org\/pt\/","name":"ALADI","description":"Asociaci\u00f3n Latinoamericana de Integraci\u00f3n","publisher":{"@id":"https:\/\/www.aladi.org\/pt\/#organization"},"potentialAction":[{"@type":"SearchAction","target":{"@type":"EntryPoint","urlTemplate":"https:\/\/www.aladi.org\/pt\/?s={search_term_string}"},"query-input":{"@type":"PropertyValueSpecification","valueRequired":true,"valueName":"search_term_string"}}],"inLanguage":"pt-BR"},{"@type":"Organization","@id":"https:\/\/www.aladi.org\/pt\/#organization","name":"ALADI","url":"https:\/\/www.aladi.org\/pt\/","logo":{"@type":"ImageObject","inLanguage":"pt-BR","@id":"https:\/\/www.aladi.org\/pt\/#\/schema\/logo\/image\/","url":"https:\/\/www.aladi.org\/wp-content\/uploads\/2025\/12\/Logo-ALADI.png","contentUrl":"https:\/\/www.aladi.org\/wp-content\/uploads\/2025\/12\/Logo-ALADI.png","width":375,"height":235,"caption":"ALADI"},"image":{"@id":"https:\/\/www.aladi.org\/pt\/#\/schema\/logo\/image\/"},"sameAs":["https:\/\/es-la.facebook.com\/people\/ALADI\/100064606213084\/","https:\/\/x.com\/ALADI_SG","https:\/\/www.instagram.com\/aladi_sg\/?hl=es","https:\/\/www.linkedin.com\/company\/aladi\/","https:\/\/www.flickr.com\/photos\/aladi\/","https:\/\/www.youtube.com\/channel\/UCrkJWOWHKF6igQmWE8Clnpg"]}]}},"jetpack_sharing_enabled":true,"_links":{"self":[{"href":"https:\/\/www.aladi.org\/pt\/wp-json\/wp\/v2\/pages\/14702","targetHints":{"allow":["GET"]}}],"collection":[{"href":"https:\/\/www.aladi.org\/pt\/wp-json\/wp\/v2\/pages"}],"about":[{"href":"https:\/\/www.aladi.org\/pt\/wp-json\/wp\/v2\/types\/page"}],"author":[{"embeddable":true,"href":"https:\/\/www.aladi.org\/pt\/wp-json\/wp\/v2\/users\/2"}],"replies":[{"embeddable":true,"href":"https:\/\/www.aladi.org\/pt\/wp-json\/wp\/v2\/comments?post=14702"}],"version-history":[{"count":23,"href":"https:\/\/www.aladi.org\/pt\/wp-json\/wp\/v2\/pages\/14702\/revisions"}],"predecessor-version":[{"id":14821,"href":"https:\/\/www.aladi.org\/pt\/wp-json\/wp\/v2\/pages\/14702\/revisions\/14821"}],"up":[{"embeddable":true,"href":"https:\/\/www.aladi.org\/pt\/wp-json\/wp\/v2\/pages\/14686"}],"wp:attachment":[{"href":"https:\/\/www.aladi.org\/pt\/wp-json\/wp\/v2\/media?parent=14702"}],"curies":[{"name":"wp","href":"https:\/\/api.w.org\/{rel}","templated":true}]}}